{"id":119,"date":"2026-04-04T12:06:59","date_gmt":"2026-04-04T12:06:59","guid":{"rendered":"https:\/\/brueckenhof-elmshorn.de\/?page_id=119"},"modified":"2026-04-04T12:07:00","modified_gmt":"2026-04-04T12:07:00","slug":"barrierefreiheitserklaerung","status":"publish","type":"page","link":"https:\/\/brueckenhof-elmshorn.de\/?page_id=119","title":{"rendered":"Barrierefreiheitserkl\u00e4rung"},"content":{"rendered":"\n<p id=\"Hauptinhalt\">Diese Website ist barrierefrei und f\u00fcr verschiedene, auch mobile Ger\u00e4te nutzbar. Ma\u00dfstab f\u00fcr Barrierefreiheit sind Erfolgskriterien des internationalen Standards, der Web Content Accessibility Guidelines 2.1 auf Level A und AA, sowie die gr\u00f6\u00dftenteils gleichlautenden Anforderungen der BITV 2.0 (Barrierefreie- Informationstechnik-Verordnung) mit den Erweiterungen der WCAG2.1 gegen\u00fcber der WCAG2.0. Gr\u00f6\u00dftenteils wird nach den Festlegungen und Erl\u00e4uterungen des BITV-Tests gepr\u00fcft.<\/p>\n\n\n\n<p>Wenn Sie ansonsten in diesem Angebot auf Barrieren sto\u00dfen oder Kritik an der Umsetzung haben, kontaktieren Sie mich bitte per Mail an info@reiter-consulting.de!<\/p>\n","protected":false},"excerpt":{"rendered":"<p>Diese Website ist barrierefrei und f\u00fcr verschiedene, auch mobile Ger\u00e4te nutzbar. Ma\u00dfstab f\u00fcr Barrierefreiheit sind Erfolgskriterien des internationalen Standards, der Web Content Accessibility Guidelines 2.1 auf Level A und AA, sowie die gr\u00f6\u00dftenteils gleichlautenden Anforderungen der BITV 2.0 (Barrierefreie- Informationstechnik-Verordnung) mit den Erweiterungen der WCAG2.1 gegen\u00fcber der WCAG2.0. Gr\u00f6\u00dftenteils wird nach den Festlegungen und Erl\u00e4uterungen [&hellip;]<\/p>\n","protected":false},"author":1,"featured_media":0,"parent":0,"menu_order":0,"comment_status":"closed","ping_status":"closed","template":"","meta":{"footnotes":""},"class_list":["post-119","page","type-page","status-publish","hentry"],"yoast_head":"<!-- This site is optimized with the Yoast SEO plugin v27.3 - https:\/\/yoast.com\/product\/yoast-seo-wordpress\/ -->\n<title>Barrierefreiheitserkl\u00e4rung - Der soziale Schaukasten<\/title>\n<meta name=\"robots\" content=\"index, follow, max-snippet:-1, max-image-preview:large, max-video-preview:-1\" \/>\n<link rel=\"canonical\" href=\"https:\/\/brueckenhof-elmshorn.de\/?page_id=119\" \/>\n<meta property=\"og:locale\" content=\"de_DE\" \/>\n<meta property=\"og:type\" content=\"article\" \/>\n<meta property=\"og:title\" content=\"Barrierefreiheitserkl\u00e4rung - Der soziale Schaukasten\" \/>\n<meta property=\"og:description\" content=\"Diese Website ist barrierefrei und f\u00fcr verschiedene, auch mobile Ger\u00e4te nutzbar. Ma\u00dfstab f\u00fcr Barrierefreiheit sind Erfolgskriterien des internationalen Standards, der Web Content Accessibility Guidelines 2.1 auf Level A und AA, sowie die gr\u00f6\u00dftenteils gleichlautenden Anforderungen der BITV 2.0 (Barrierefreie- Informationstechnik-Verordnung) mit den Erweiterungen der WCAG2.1 gegen\u00fcber der WCAG2.0. Gr\u00f6\u00dftenteils wird nach den Festlegungen und Erl\u00e4uterungen [&hellip;]\" \/>\n<meta property=\"og:url\" content=\"https:\/\/brueckenhof-elmshorn.de\/?page_id=119\" \/>\n<meta property=\"og:site_name\" content=\"Der soziale Schaukasten\" \/>\n<meta property=\"article:modified_time\" content=\"2026-04-04T12:07:00+00:00\" \/>\n<meta name=\"twitter:card\" content=\"summary_large_image\" \/>\n<meta name=\"twitter:label1\" content=\"Gesch\u00e4tzte Lesezeit\" \/>\n\t<meta name=\"twitter:data1\" content=\"1\u00a0Minute\" \/>\n<script type=\"application\/ld+json\" class=\"yoast-schema-graph\">{\"@context\":\"https:\\\/\\\/schema.org\",\"@graph\":[{\"@type\":\"WebPage\",\"@id\":\"https:\\\/\\\/brueckenhof-elmshorn.de\\\/?page_id=119\",\"url\":\"https:\\\/\\\/brueckenhof-elmshorn.de\\\/?page_id=119\",\"name\":\"Barrierefreiheitserkl\u00e4rung - Der soziale Schaukasten\",\"isPartOf\":{\"@id\":\"https:\\\/\\\/brueckenhof-elmshorn.de\\\/#website\"},\"datePublished\":\"2026-04-04T12:06:59+00:00\",\"dateModified\":\"2026-04-04T12:07:00+00:00\",\"breadcrumb\":{\"@id\":\"https:\\\/\\\/brueckenhof-elmshorn.de\\\/?page_id=119#breadcrumb\"},\"inLanguage\":\"de\",\"potentialAction\":[{\"@type\":\"ReadAction\",\"target\":[\"https:\\\/\\\/brueckenhof-elmshorn.de\\\/?page_id=119\"]}]},{\"@type\":\"BreadcrumbList\",\"@id\":\"https:\\\/\\\/brueckenhof-elmshorn.de\\\/?page_id=119#breadcrumb\",\"itemListElement\":[{\"@type\":\"ListItem\",\"position\":1,\"name\":\"Start\",\"item\":\"https:\\\/\\\/brueckenhof-elmshorn.de\\\/\"},{\"@type\":\"ListItem\",\"position\":2,\"name\":\"Barrierefreiheitserkl\u00e4rung\"}]},{\"@type\":\"WebSite\",\"@id\":\"https:\\\/\\\/brueckenhof-elmshorn.de\\\/#website\",\"url\":\"https:\\\/\\\/brueckenhof-elmshorn.de\\\/\",\"name\":\"Der soziale Schaukasten\",\"description\":\"Soziale Veranstaltungen und Events im Bereich Elmshorn und Uetersen\",\"publisher\":{\"@id\":\"https:\\\/\\\/brueckenhof-elmshorn.de\\\/#organization\"},\"potentialAction\":[{\"@type\":\"SearchAction\",\"target\":{\"@type\":\"EntryPoint\",\"urlTemplate\":\"https:\\\/\\\/brueckenhof-elmshorn.de\\\/?s={search_term_string}\"},\"query-input\":{\"@type\":\"PropertyValueSpecification\",\"valueRequired\":true,\"valueName\":\"search_term_string\"}}],\"inLanguage\":\"de\"},{\"@type\":\"Organization\",\"@id\":\"https:\\\/\\\/brueckenhof-elmshorn.de\\\/#organization\",\"name\":\"Der soziale Schaukasten\",\"url\":\"https:\\\/\\\/brueckenhof-elmshorn.de\\\/\",\"logo\":{\"@type\":\"ImageObject\",\"inLanguage\":\"de\",\"@id\":\"https:\\\/\\\/brueckenhof-elmshorn.de\\\/#\\\/schema\\\/logo\\\/image\\\/\",\"url\":\"https:\\\/\\\/brueckenhof-elmshorn.de\\\/wp-content\\\/uploads\\\/2026\\\/04\\\/Gegen-Rassismus.png\",\"contentUrl\":\"https:\\\/\\\/brueckenhof-elmshorn.de\\\/wp-content\\\/uploads\\\/2026\\\/04\\\/Gegen-Rassismus.png\",\"width\":638,\"height\":580,\"caption\":\"Der soziale Schaukasten\"},\"image\":{\"@id\":\"https:\\\/\\\/brueckenhof-elmshorn.de\\\/#\\\/schema\\\/logo\\\/image\\\/\"}}]}<\/script>\n<!-- \/ Yoast SEO plugin. -->","yoast_head_json":{"title":"Barrierefreiheitserkl\u00e4rung - Der soziale Schaukasten","robots":{"index":"index","follow":"follow","max-snippet":"max-snippet:-1","max-image-preview":"max-image-preview:large","max-video-preview":"max-video-preview:-1"},"canonical":"https:\/\/brueckenhof-elmshorn.de\/?page_id=119","og_locale":"de_DE","og_type":"article","og_title":"Barrierefreiheitserkl\u00e4rung - Der soziale Schaukasten","og_description":"Diese Website ist barrierefrei und f\u00fcr verschiedene, auch mobile Ger\u00e4te nutzbar. Ma\u00dfstab f\u00fcr Barrierefreiheit sind Erfolgskriterien des internationalen Standards, der Web Content Accessibility Guidelines 2.1 auf Level A und AA, sowie die gr\u00f6\u00dftenteils gleichlautenden Anforderungen der BITV 2.0 (Barrierefreie- Informationstechnik-Verordnung) mit den Erweiterungen der WCAG2.1 gegen\u00fcber der WCAG2.0. Gr\u00f6\u00dftenteils wird nach den Festlegungen und Erl\u00e4uterungen [&hellip;]","og_url":"https:\/\/brueckenhof-elmshorn.de\/?page_id=119","og_site_name":"Der soziale Schaukasten","article_modified_time":"2026-04-04T12:07:00+00:00","twitter_card":"summary_large_image","twitter_misc":{"Gesch\u00e4tzte Lesezeit":"1\u00a0Minute"},"schema":{"@context":"https:\/\/schema.org","@graph":[{"@type":"WebPage","@id":"https:\/\/brueckenhof-elmshorn.de\/?page_id=119","url":"https:\/\/brueckenhof-elmshorn.de\/?page_id=119","name":"Barrierefreiheitserkl\u00e4rung - Der soziale Schaukasten","isPartOf":{"@id":"https:\/\/brueckenhof-elmshorn.de\/#website"},"datePublished":"2026-04-04T12:06:59+00:00","dateModified":"2026-04-04T12:07:00+00:00","breadcrumb":{"@id":"https:\/\/brueckenhof-elmshorn.de\/?page_id=119#breadcrumb"},"inLanguage":"de","potentialAction":[{"@type":"ReadAction","target":["https:\/\/brueckenhof-elmshorn.de\/?page_id=119"]}]},{"@type":"BreadcrumbList","@id":"https:\/\/brueckenhof-elmshorn.de\/?page_id=119#breadcrumb","itemListElement":[{"@type":"ListItem","position":1,"name":"Start","item":"https:\/\/brueckenhof-elmshorn.de\/"},{"@type":"ListItem","position":2,"name":"Barrierefreiheitserkl\u00e4rung"}]},{"@type":"WebSite","@id":"https:\/\/brueckenhof-elmshorn.de\/#website","url":"https:\/\/brueckenhof-elmshorn.de\/","name":"Der soziale Schaukasten","description":"Soziale Veranstaltungen und Events im Bereich Elmshorn und Uetersen","publisher":{"@id":"https:\/\/brueckenhof-elmshorn.de\/#organization"},"potentialAction":[{"@type":"SearchAction","target":{"@type":"EntryPoint","urlTemplate":"https:\/\/brueckenhof-elmshorn.de\/?s={search_term_string}"},"query-input":{"@type":"PropertyValueSpecification","valueRequired":true,"valueName":"search_term_string"}}],"inLanguage":"de"},{"@type":"Organization","@id":"https:\/\/brueckenhof-elmshorn.de\/#organization","name":"Der soziale Schaukasten","url":"https:\/\/brueckenhof-elmshorn.de\/","logo":{"@type":"ImageObject","inLanguage":"de","@id":"https:\/\/brueckenhof-elmshorn.de\/#\/schema\/logo\/image\/","url":"https:\/\/brueckenhof-elmshorn.de\/wp-content\/uploads\/2026\/04\/Gegen-Rassismus.png","contentUrl":"https:\/\/brueckenhof-elmshorn.de\/wp-content\/uploads\/2026\/04\/Gegen-Rassismus.png","width":638,"height":580,"caption":"Der soziale Schaukasten"},"image":{"@id":"https:\/\/brueckenhof-elmshorn.de\/#\/schema\/logo\/image\/"}}]}},"_links":{"self":[{"href":"https:\/\/brueckenhof-elmshorn.de\/index.php?rest_route=\/wp\/v2\/pages\/119","targetHints":{"allow":["GET"]}}],"collection":[{"href":"https:\/\/brueckenhof-elmshorn.de\/index.php?rest_route=\/wp\/v2\/pages"}],"about":[{"href":"https:\/\/brueckenhof-elmshorn.de\/index.php?rest_route=\/wp\/v2\/types\/page"}],"author":[{"embeddable":true,"href":"https:\/\/brueckenhof-elmshorn.de\/index.php?rest_route=\/wp\/v2\/users\/1"}],"replies":[{"embeddable":true,"href":"https:\/\/brueckenhof-elmshorn.de\/index.php?rest_route=%2Fwp%2Fv2%2Fcomments&post=119"}],"version-history":[{"count":1,"href":"https:\/\/brueckenhof-elmshorn.de\/index.php?rest_route=\/wp\/v2\/pages\/119\/revisions"}],"predecessor-version":[{"id":120,"href":"https:\/\/brueckenhof-elmshorn.de\/index.php?rest_route=\/wp\/v2\/pages\/119\/revisions\/120"}],"wp:attachment":[{"href":"https:\/\/brueckenhof-elmshorn.de\/index.php?rest_route=%2Fwp%2Fv2%2Fmedia&parent=119"}],"curies":[{"name":"wp","href":"https:\/\/api.w.org\/{rel}","templated":true}]}}