{"id":116,"date":"2026-04-04T11:57:35","date_gmt":"2026-04-04T11:57:35","guid":{"rendered":"https:\/\/brueckenhof-elmshorn.de\/?page_id=116"},"modified":"2026-04-04T11:57:36","modified_gmt":"2026-04-04T11:57:36","slug":"impressum","status":"publish","type":"page","link":"https:\/\/brueckenhof-elmshorn.de\/?page_id=116","title":{"rendered":"Impressum"},"content":{"rendered":"\n<p><strong>Anbieterkennung gem. \u00a7 5 TMG<\/strong><\/p>\n\n\n\n<p>Reiter-Consulting<\/p>\n\n\n\n<p>F\u00fcr alle Interessierten stellen wir m\u00f6glichst aktuelle Informationen \u00fcber Hilfsangebote, Veranstaltungen und Events der \u00d6ffentlichkeit zur Verf\u00fcgung.<\/p>\n\n\n\n<p>F\u00fcr die Inhalte der Informationen und deren Richtigkeit sind wir nicht verantwortlich und \u00fcbernehmen keine Garantien oder Haftung.<\/p>\n\n\n\n<p><strong>Name und Anschrift des verantwortlichen Dienstanbieters:<\/strong><br>Reiter-Consulting<br>Danziger Stra\u00dfe 4<br>25335 Elmshorn<br>Tel. 04121 81194<br><a href=\"mailto:info@reiter-consulting.de\">info@reiter-consulting.de<\/a><\/p>\n\n\n\n<p>Umsatzsteueridentifikationsnummer (UstID)<br>DE408572499<\/p>\n\n\n\n<p><strong>Inhaber:<\/strong><br>Dirk Reiter<\/p>\n\n\n\n<p><strong>Redaktion:<br><\/strong>Inhaltlich verantwortlich gem. Art. 18 Abs. 2 MStV.: Dirk Reiter und s\u00e4mtliche Aussteller der Inhaltsdaten.<\/p>\n\n\n\n<p><strong>Grafik,Technik und Administration, Datenschutz:<br><\/strong>Dirk Reiter<\/p>\n\n\n\n<p><strong>\u00c4nderungen der Website<\/strong><\/p>\n\n\n\n<p>Reiter-Consulting beh\u00e4lt sich vor, jederzeit \u00c4nderungen der Website oder in ihren Inhalten vorzunehmen, insbesondere bez\u00fcglich der Auswahl der bereitgestellten Informationen.<\/p>\n\n\n\n<p><strong>Hinweis auf die Online-Schlichtungsstelle:<\/strong><\/p>\n\n\n\n<p>Am 9. Januar 2016 wurde die EU-Verordnung Nr. 524\/2013 \u00fcber die \u201eOnline-Beilegung verbraucherrechtlicher Streitigkeiten erlassen (sog. \u201eOS-Plattform\u201c). Die OS-Plattform dient als Anlaufstelle zur au\u00dfergerichtlichen Beilegung von Streitigkeiten betreffend vertragliche Verpflichtungen, die aus Online-Kaufvertr\u00e4gen erwachsen. Sie k\u00f6nnen die OS-Plattform unter dem folgenden Link erreichen:&nbsp;<a href=\"http:\/\/ec.europa.eu\/consumers\/odr\">ec.europa.eu\/consumers\/odr<\/a>&nbsp;.<\/p>\n\n\n\n<p><strong>VSBG \u2013 Verbraucherstreitbeilegungsgesetz<\/strong><\/p>\n\n\n\n<p>Anfang April 2016 ist das Verbraucherstreitbeilegungsgesetz (VSBG) in Kraft getreten.<br>Dieses regelt eine au\u00dfergerichtliche Streitbeilegung durch eine Schlichtungsstelle im Interesse des Verbraucherschutzes.<\/p>\n\n\n\n<p>Hiermit informieren wir Sie \u00fcber die Anwendbarkeit des Verbraucherstreitbeilegungsgesetzes auf den Wohn- und Betreuungsvertrag. Im Sinne unserer Informationsverpflichtung gem\u00e4\u00df \u00a7 36 VSBG teilen wir mit, dass wir bereit sind, an Streitbeilegungsverfahren bei der folgenden Verbraucherschlichtungsstelle teilzunehmen:<\/p>\n\n\n\n<p>Allgemeine Verbraucherschlichtungsstelle des Zentrums f\u00fcr Schlichtung e. V.<br>Stra\u00dfburger Stra\u00dfe 8<br>77694 Kehl am Rhein<br><a href=\"http:\/\/www.verbraucher-schlichter.de\/\" target=\"_blank\" rel=\"noreferrer noopener\">www.verbraucher-schlichter.de<\/a><br><a href=\"mailto:mail@verbraucher-schlichter.de\" target=\"_blank\" rel=\"noreferrer noopener\">mail@verbraucher-schlichter.de<\/a><br>Tel. 07851 7957940, Fax 07851 7957941<\/p>\n\n\n\n<p><strong>Fotorechte<\/strong><\/p>\n\n\n\n<p>Fotos und Inhalte der ausgestellten Inhalte liegen bei den Ausstellern oder sind lizenzfrei. Die Rechte von Fotos und Grafiken, die zur Website geh\u00f6ren, liegen bei Reiter-Consulting oder sind lizenzfrei.<\/p>\n\n\n\n<p><strong>Copyright<\/strong><br>Die Verwendung von Texten oder Bildmaterialien bedarf ausdr\u00fccklich der Zustimmung durch Reiter-Consulting. In diesem Internet-Online-Angebot sind vorhandene Bilder bzw. Fotodarstellungen urheberrechtlich gesch\u00fctzt. Deren Weiterverbreitung, gleich in welcher Form und in welchem Ausma\u00df, bedarf der vorherigen ausdr\u00fccklichen Zustimmung durch Reiter-Consulting. Die Nutzung von Downloads und Kopien dieser Seite sind f\u00fcr den privaten, nicht kommerziellen Gebrauch gestattet.<\/p>\n\n\n\n<h2 class=\"wp-block-heading\">Haftungsausschluss (Disclaimer)<\/h2>\n\n\n\n<p><strong>Haftung f\u00fcr Inhalte<\/strong><\/p>\n\n\n\n<p>Als Dienstanbieter sind wir gem\u00e4\u00df \u00a7 7 Abs.1 TMG f\u00fcr eigene Inhalte auf diesen Seiten nach den allgemeinen Gesetzen verantwortlich. Nach \u00a7\u00a7 8 bis 10 TMG sind wir als Dienstanbieter jedoch nicht verpflichtet, \u00fcbermittelte oder gespeicherte fremde Informationen zu \u00fcberwachen oder nach Umst\u00e4nden zu forschen, die auf eine rechtswidrige T\u00e4tigkeit hinweisen. Verpflichtungen zur Entfernung oder Sperrung der Nutzung von Informationen nach den allgemeinen Gesetzen bleiben hiervon unber\u00fchrt. Eine diesbez\u00fcgliche Haftung ist jedoch erst ab dem Zeitpunkt der Kenntnis einer konkreten Rechtsverletzung m\u00f6glich. Bei Bekanntwerden von entsprechenden Rechtsverletzungen werden wir diese Inhalte umgehend entfernen.<\/p>\n\n\n\n<p><strong>Haftung f\u00fcr Links<\/strong><\/p>\n\n\n\n<p>Unser Angebot enth\u00e4lt Links zu externen Webseiten Dritter, auf deren Inhalte wir keinen Einfluss haben. Deshalb k\u00f6nnen wir f\u00fcr diese fremden Inhalte auch keine Gew\u00e4hr \u00fcbernehmen. F\u00fcr die Inhalte der verlinkten Seiten ist stets der jeweilige Anbieter oder Betreiber der Seiten verantwortlich. Die verlinkten Seiten wurden zum Zeitpunkt der Verlinkung auf m\u00f6gliche Rechtsverst\u00f6\u00dfe \u00fcberpr\u00fcft. Rechtswidrige Inhalte waren zum Zeitpunkt der Verlinkung nicht erkennbar. Eine permanente inhaltliche Kontrolle der verlinkten Seiten ist jedoch ohne konkrete Anhaltspunkte einer Rechtsverletzung nicht zumutbar. Bei Bekanntwerden von Rechtsverletzungen werden wir derartige Links umgehend entfernen.<\/p>\n\n\n\n<p><strong>Urheberrecht<\/strong><\/p>\n\n\n\n<p>Die durch die Seitenbetreiber erstellten Inhalte und Werke auf diesen Seiten unterliegen dem deutschen Urheberrecht. Die Vervielf\u00e4ltigung, Bearbeitung, Verbreitung und jede Art der Verwertung au\u00dferhalb der Grenzen des Urheberrechtes bed\u00fcrfen der schriftlichen Zustimmung des jeweiligen Autors bzw. Erstellers. Downloads und Kopien dieser Seite sind nur f\u00fcr den privaten, nicht kommerziellen Gebrauch gestattet. Soweit die Inhalte auf dieser Seite nicht vom Betreiber erstellt wurden, werden die Urheberrechte Dritter beachtet. Insbesondere werden Inhalte Dritter als solche gekennzeichnet. Sollten Sie trotzdem auf eine Urheberrechtsverletzung aufmerksam werden, bitten wir um einen entsprechenden Hinweis. Bei Bekanntwerden von Rechtsverletzungen werden wir derartige Inhalte umgehend entfernen.<\/p>\n\n\n\n<p>\u00a9 Reiter-Consulting 2026. Alle Rechte vorbehalten<\/p>\n\n\n\n<p><a href=\"https:\/\/reiter-consulting.de\" target=\"_blank\" rel=\"noreferrer noopener\">Webdesign &amp; Webentwicklung von D.Reiter<\/a><\/p>\n","protected":false},"excerpt":{"rendered":"<p>Anbieterkennung gem. \u00a7 5 TMG Reiter-Consulting F\u00fcr alle Interessierten stellen wir m\u00f6glichst aktuelle Informationen \u00fcber Hilfsangebote, Veranstaltungen und Events der \u00d6ffentlichkeit zur Verf\u00fcgung. F\u00fcr die Inhalte der Informationen und deren Richtigkeit sind wir nicht verantwortlich und \u00fcbernehmen keine Garantien oder Haftung. Name und Anschrift des verantwortlichen Dienstanbieters:Reiter-ConsultingDanziger Stra\u00dfe 425335 ElmshornTel. 04121 81194info@reiter-consulting.de Umsatzsteueridentifikationsnummer (UstID)DE408572499 Inhaber:Dirk [&hellip;]<\/p>\n","protected":false},"author":1,"featured_media":0,"parent":0,"menu_order":0,"comment_status":"closed","ping_status":"closed","template":"","meta":{"footnotes":""},"class_list":["post-116","page","type-page","status-publish","hentry"],"yoast_head":"<!-- This site is optimized with the Yoast SEO plugin v27.3 - https:\/\/yoast.com\/product\/yoast-seo-wordpress\/ -->\n<title>Impressum - Der soziale Schaukasten<\/title>\n<meta name=\"robots\" content=\"index, follow, max-snippet:-1, max-image-preview:large, max-video-preview:-1\" \/>\n<link rel=\"canonical\" href=\"https:\/\/brueckenhof-elmshorn.de\/?page_id=116\" \/>\n<meta property=\"og:locale\" content=\"de_DE\" \/>\n<meta property=\"og:type\" content=\"article\" \/>\n<meta property=\"og:title\" content=\"Impressum - Der soziale Schaukasten\" \/>\n<meta property=\"og:description\" content=\"Anbieterkennung gem. \u00a7 5 TMG Reiter-Consulting F\u00fcr alle Interessierten stellen wir m\u00f6glichst aktuelle Informationen \u00fcber Hilfsangebote, Veranstaltungen und Events der \u00d6ffentlichkeit zur Verf\u00fcgung. F\u00fcr die Inhalte der Informationen und deren Richtigkeit sind wir nicht verantwortlich und \u00fcbernehmen keine Garantien oder Haftung. Name und Anschrift des verantwortlichen Dienstanbieters:Reiter-ConsultingDanziger Stra\u00dfe 425335 ElmshornTel. 04121 81194info@reiter-consulting.de Umsatzsteueridentifikationsnummer (UstID)DE408572499 Inhaber:Dirk [&hellip;]\" \/>\n<meta property=\"og:url\" content=\"https:\/\/brueckenhof-elmshorn.de\/?page_id=116\" \/>\n<meta property=\"og:site_name\" content=\"Der soziale Schaukasten\" \/>\n<meta property=\"article:modified_time\" content=\"2026-04-04T11:57:36+00:00\" \/>\n<meta name=\"twitter:card\" content=\"summary_large_image\" \/>\n<meta name=\"twitter:label1\" content=\"Gesch\u00e4tzte Lesezeit\" \/>\n\t<meta name=\"twitter:data1\" content=\"3\u00a0Minuten\" \/>\n<script type=\"application\/ld+json\" class=\"yoast-schema-graph\">{\"@context\":\"https:\\\/\\\/schema.org\",\"@graph\":[{\"@type\":\"WebPage\",\"@id\":\"https:\\\/\\\/brueckenhof-elmshorn.de\\\/?page_id=116\",\"url\":\"https:\\\/\\\/brueckenhof-elmshorn.de\\\/?page_id=116\",\"name\":\"Impressum - Der soziale Schaukasten\",\"isPartOf\":{\"@id\":\"https:\\\/\\\/brueckenhof-elmshorn.de\\\/#website\"},\"datePublished\":\"2026-04-04T11:57:35+00:00\",\"dateModified\":\"2026-04-04T11:57:36+00:00\",\"breadcrumb\":{\"@id\":\"https:\\\/\\\/brueckenhof-elmshorn.de\\\/?page_id=116#breadcrumb\"},\"inLanguage\":\"de\",\"potentialAction\":[{\"@type\":\"ReadAction\",\"target\":[\"https:\\\/\\\/brueckenhof-elmshorn.de\\\/?page_id=116\"]}]},{\"@type\":\"BreadcrumbList\",\"@id\":\"https:\\\/\\\/brueckenhof-elmshorn.de\\\/?page_id=116#breadcrumb\",\"itemListElement\":[{\"@type\":\"ListItem\",\"position\":1,\"name\":\"Start\",\"item\":\"https:\\\/\\\/brueckenhof-elmshorn.de\\\/\"},{\"@type\":\"ListItem\",\"position\":2,\"name\":\"Impressum\"}]},{\"@type\":\"WebSite\",\"@id\":\"https:\\\/\\\/brueckenhof-elmshorn.de\\\/#website\",\"url\":\"https:\\\/\\\/brueckenhof-elmshorn.de\\\/\",\"name\":\"Der soziale Schaukasten\",\"description\":\"Soziale Veranstaltungen und Events im Bereich Elmshorn und Uetersen\",\"publisher\":{\"@id\":\"https:\\\/\\\/brueckenhof-elmshorn.de\\\/#organization\"},\"potentialAction\":[{\"@type\":\"SearchAction\",\"target\":{\"@type\":\"EntryPoint\",\"urlTemplate\":\"https:\\\/\\\/brueckenhof-elmshorn.de\\\/?s={search_term_string}\"},\"query-input\":{\"@type\":\"PropertyValueSpecification\",\"valueRequired\":true,\"valueName\":\"search_term_string\"}}],\"inLanguage\":\"de\"},{\"@type\":\"Organization\",\"@id\":\"https:\\\/\\\/brueckenhof-elmshorn.de\\\/#organization\",\"name\":\"Der soziale Schaukasten\",\"url\":\"https:\\\/\\\/brueckenhof-elmshorn.de\\\/\",\"logo\":{\"@type\":\"ImageObject\",\"inLanguage\":\"de\",\"@id\":\"https:\\\/\\\/brueckenhof-elmshorn.de\\\/#\\\/schema\\\/logo\\\/image\\\/\",\"url\":\"https:\\\/\\\/brueckenhof-elmshorn.de\\\/wp-content\\\/uploads\\\/2026\\\/04\\\/Gegen-Rassismus.png\",\"contentUrl\":\"https:\\\/\\\/brueckenhof-elmshorn.de\\\/wp-content\\\/uploads\\\/2026\\\/04\\\/Gegen-Rassismus.png\",\"width\":638,\"height\":580,\"caption\":\"Der soziale Schaukasten\"},\"image\":{\"@id\":\"https:\\\/\\\/brueckenhof-elmshorn.de\\\/#\\\/schema\\\/logo\\\/image\\\/\"}}]}<\/script>\n<!-- \/ Yoast SEO plugin. -->","yoast_head_json":{"title":"Impressum - Der soziale Schaukasten","robots":{"index":"index","follow":"follow","max-snippet":"max-snippet:-1","max-image-preview":"max-image-preview:large","max-video-preview":"max-video-preview:-1"},"canonical":"https:\/\/brueckenhof-elmshorn.de\/?page_id=116","og_locale":"de_DE","og_type":"article","og_title":"Impressum - Der soziale Schaukasten","og_description":"Anbieterkennung gem. \u00a7 5 TMG Reiter-Consulting F\u00fcr alle Interessierten stellen wir m\u00f6glichst aktuelle Informationen \u00fcber Hilfsangebote, Veranstaltungen und Events der \u00d6ffentlichkeit zur Verf\u00fcgung. F\u00fcr die Inhalte der Informationen und deren Richtigkeit sind wir nicht verantwortlich und \u00fcbernehmen keine Garantien oder Haftung. Name und Anschrift des verantwortlichen Dienstanbieters:Reiter-ConsultingDanziger Stra\u00dfe 425335 ElmshornTel. 04121 81194info@reiter-consulting.de Umsatzsteueridentifikationsnummer (UstID)DE408572499 Inhaber:Dirk [&hellip;]","og_url":"https:\/\/brueckenhof-elmshorn.de\/?page_id=116","og_site_name":"Der soziale Schaukasten","article_modified_time":"2026-04-04T11:57:36+00:00","twitter_card":"summary_large_image","twitter_misc":{"Gesch\u00e4tzte Lesezeit":"3\u00a0Minuten"},"schema":{"@context":"https:\/\/schema.org","@graph":[{"@type":"WebPage","@id":"https:\/\/brueckenhof-elmshorn.de\/?page_id=116","url":"https:\/\/brueckenhof-elmshorn.de\/?page_id=116","name":"Impressum - Der soziale Schaukasten","isPartOf":{"@id":"https:\/\/brueckenhof-elmshorn.de\/#website"},"datePublished":"2026-04-04T11:57:35+00:00","dateModified":"2026-04-04T11:57:36+00:00","breadcrumb":{"@id":"https:\/\/brueckenhof-elmshorn.de\/?page_id=116#breadcrumb"},"inLanguage":"de","potentialAction":[{"@type":"ReadAction","target":["https:\/\/brueckenhof-elmshorn.de\/?page_id=116"]}]},{"@type":"BreadcrumbList","@id":"https:\/\/brueckenhof-elmshorn.de\/?page_id=116#breadcrumb","itemListElement":[{"@type":"ListItem","position":1,"name":"Start","item":"https:\/\/brueckenhof-elmshorn.de\/"},{"@type":"ListItem","position":2,"name":"Impressum"}]},{"@type":"WebSite","@id":"https:\/\/brueckenhof-elmshorn.de\/#website","url":"https:\/\/brueckenhof-elmshorn.de\/","name":"Der soziale Schaukasten","description":"Soziale Veranstaltungen und Events im Bereich Elmshorn und Uetersen","publisher":{"@id":"https:\/\/brueckenhof-elmshorn.de\/#organization"},"potentialAction":[{"@type":"SearchAction","target":{"@type":"EntryPoint","urlTemplate":"https:\/\/brueckenhof-elmshorn.de\/?s={search_term_string}"},"query-input":{"@type":"PropertyValueSpecification","valueRequired":true,"valueName":"search_term_string"}}],"inLanguage":"de"},{"@type":"Organization","@id":"https:\/\/brueckenhof-elmshorn.de\/#organization","name":"Der soziale Schaukasten","url":"https:\/\/brueckenhof-elmshorn.de\/","logo":{"@type":"ImageObject","inLanguage":"de","@id":"https:\/\/brueckenhof-elmshorn.de\/#\/schema\/logo\/image\/","url":"https:\/\/brueckenhof-elmshorn.de\/wp-content\/uploads\/2026\/04\/Gegen-Rassismus.png","contentUrl":"https:\/\/brueckenhof-elmshorn.de\/wp-content\/uploads\/2026\/04\/Gegen-Rassismus.png","width":638,"height":580,"caption":"Der soziale Schaukasten"},"image":{"@id":"https:\/\/brueckenhof-elmshorn.de\/#\/schema\/logo\/image\/"}}]}},"_links":{"self":[{"href":"https:\/\/brueckenhof-elmshorn.de\/index.php?rest_route=\/wp\/v2\/pages\/116","targetHints":{"allow":["GET"]}}],"collection":[{"href":"https:\/\/brueckenhof-elmshorn.de\/index.php?rest_route=\/wp\/v2\/pages"}],"about":[{"href":"https:\/\/brueckenhof-elmshorn.de\/index.php?rest_route=\/wp\/v2\/types\/page"}],"author":[{"embeddable":true,"href":"https:\/\/brueckenhof-elmshorn.de\/index.php?rest_route=\/wp\/v2\/users\/1"}],"replies":[{"embeddable":true,"href":"https:\/\/brueckenhof-elmshorn.de\/index.php?rest_route=%2Fwp%2Fv2%2Fcomments&post=116"}],"version-history":[{"count":1,"href":"https:\/\/brueckenhof-elmshorn.de\/index.php?rest_route=\/wp\/v2\/pages\/116\/revisions"}],"predecessor-version":[{"id":117,"href":"https:\/\/brueckenhof-elmshorn.de\/index.php?rest_route=\/wp\/v2\/pages\/116\/revisions\/117"}],"wp:attachment":[{"href":"https:\/\/brueckenhof-elmshorn.de\/index.php?rest_route=%2Fwp%2Fv2%2Fmedia&parent=116"}],"curies":[{"name":"wp","href":"https:\/\/api.w.org\/{rel}","templated":true}]}}